{"id":1588,"date":"2025-03-15T20:28:48","date_gmt":"2025-03-15T19:28:48","guid":{"rendered":"https:\/\/www.eastbull.de\/?page_id=1588"},"modified":"2025-03-20T13:09:13","modified_gmt":"2025-03-20T12:09:13","slug":"impressum","status":"publish","type":"page","link":"https:\/\/www.eastbull.de\/en\/impressum\/","title":{"rendered":"Legal Notice"},"content":{"rendered":"\t\t<div data-elementor-type=\"wp-page\" data-elementor-id=\"1588\" class=\"elementor elementor-1588\" data-elementor-post-type=\"page\">\n\t\t\t\t<div class=\"elementor-element elementor-element-5e6aecd9 e-flex e-con-boxed e-con e-parent\" data-id=\"5e6aecd9\" data-element_type=\"container\" data-settings=\"{&quot;background_background&quot;:&quot;classic&quot;,&quot;background_motion_fx_motion_fx_scrolling&quot;:&quot;yes&quot;,&quot;background_motion_fx_devices&quot;:[&quot;desktop&quot;,&quot;tablet&quot;,&quot;mobile&quot;]}\">\n\t\t\t\t\t<div class=\"e-con-inner\">\n\t\t<div class=\"elementor-element elementor-element-5efc26e9 e-con-full e-flex e-con e-child\" data-id=\"5efc26e9\" data-element_type=\"container\">\n\t\t\t\t<div class=\"elementor-element elementor-element-23e32008 elementor-widget elementor-widget-heading\" data-id=\"23e32008\" data-element_type=\"widget\" data-widget_type=\"heading.default\">\n\t\t\t\t<div class=\"elementor-widget-container\">\n\t\t\t\t\t<h2 class=\"elementor-heading-title elementor-size-default\">Impressum<\/h2>\t\t\t\t<\/div>\n\t\t\t\t<\/div>\n\t\t\t\t<div class=\"elementor-element elementor-element-205bdc32 elementor-widget elementor-widget-heading\" data-id=\"205bdc32\" data-element_type=\"widget\" data-widget_type=\"heading.default\">\n\t\t\t\t<div class=\"elementor-widget-container\">\n\t\t\t\t\t<h6 class=\"elementor-heading-title elementor-size-default\">Eastbull Staffordshire Bull Terrier<\/h6>\t\t\t\t<\/div>\n\t\t\t\t<\/div>\n\t\t\t\t<\/div>\n\t\t<div class=\"elementor-element elementor-element-7e4fc805 e-con-full e-flex e-con e-child\" data-id=\"7e4fc805\" data-element_type=\"container\">\n\t\t\t\t<\/div>\n\t\t\t\t\t<\/div>\n\t\t\t\t<\/div>\n\t\t<div class=\"elementor-element elementor-element-188327b e-flex e-con-boxed e-con e-parent\" data-id=\"188327b\" data-element_type=\"container\" data-settings=\"{&quot;background_background&quot;:&quot;classic&quot;}\">\n\t\t\t\t\t<div class=\"e-con-inner\">\n\t\t<div class=\"elementor-element elementor-element-b890e36 e-flex e-con-boxed e-con e-child\" data-id=\"b890e36\" data-element_type=\"container\" data-settings=\"{&quot;background_background&quot;:&quot;classic&quot;}\">\n\t\t\t\t\t<div class=\"e-con-inner\">\n\t\t<div class=\"elementor-element elementor-element-ed9bc89 e-con-full e-flex e-con e-child\" data-id=\"ed9bc89\" data-element_type=\"container\">\n\t\t<div class=\"elementor-element elementor-element-e788545 e-con-full e-flex e-con e-child\" data-id=\"e788545\" data-element_type=\"container\">\n\t\t\t\t<div class=\"elementor-element elementor-element-a5ad493 elementor-widget elementor-widget-text-editor\" data-id=\"a5ad493\" data-element_type=\"widget\" data-widget_type=\"text-editor.default\">\n\t\t\t\t<div class=\"elementor-widget-container\">\n\t\t\t\t\t\t\t\t\t<p><b>Eastbull | Staffordshire Bull Terrier<\/b><\/p><p>Michael Arnold<br \/>Siedlung 13<br \/>04758 Oschatz &#8211; Germany<\/p><p>Telefon:+49 170 4187057<br \/>E-Mail: info@eastbull.de<\/p><p><b>Redaktionell verantwortlich<\/b><\/p><p>Michael Arnold<br \/>Siedlung 13<br \/>04758 Oschatz &#8211; Germany<\/p>\t\t\t\t\t\t\t\t<\/div>\n\t\t\t\t<\/div>\n\t\t\t\t<div class=\"elementor-element elementor-element-76516a0 elementor-widget elementor-widget-heading\" data-id=\"76516a0\" data-element_type=\"widget\" data-widget_type=\"heading.default\">\n\t\t\t\t<div class=\"elementor-widget-container\">\n\t\t\t\t\t<h3 class=\"elementor-heading-title elementor-size-default\">Disclaimer \u2013 rechtliche Hinweise<\/h3>\t\t\t\t<\/div>\n\t\t\t\t<\/div>\n\t\t\t\t<div class=\"elementor-element elementor-element-7e6f75f elementor-widget elementor-widget-text-editor\" data-id=\"7e6f75f\" data-element_type=\"widget\" data-widget_type=\"text-editor.default\">\n\t\t\t\t<div class=\"elementor-widget-container\">\n\t\t\t\t\t\t\t\t\t<p>\u00a7 1 Haftungsbeschr\u00e4nkung<br \/>Die Inhalte dieser Website werden mit gr\u00f6\u00dftm\u00f6glicher Sorgfalt erstellt. Der Anbieter \u00fcbernimmt jedoch keine Gew\u00e4hr f\u00fcr die Richtigkeit, Vollst\u00e4ndigkeit und Aktualit\u00e4t der bereitgestellten Inhalte. Die Nutzung der Inhalte der Website erfolgt auf eigene Gefahr des Nutzers. Namentlich gekennzeichnete Beitr\u00e4ge geben die Meinung des jeweiligen Autors und nicht immer die Meinung des Anbieters wieder. Mit der reinen Nutzung der Website des Anbieters kommt keinerlei Vertragsverh\u00e4ltnis zwischen dem Nutzer und dem Anbieter zustande.<\/p><p>\u00a7 2 Externe Links<br \/>Diese Website enth\u00e4lt Verkn\u00fcpfungen zu Websites Dritter (&#8222;externe Links&#8220;). Diese Websites unterliegen der Haftung der jeweiligen Betreiber. Der Anbieter hat bei der erstmaligen Verkn\u00fcpfung der externen Links die fremden Inhalte daraufhin \u00fcberpr\u00fcft, ob etwaige Rechtsverst\u00f6\u00dfe bestehen. Zu dem Zeitpunkt waren keine Rechtsverst\u00f6\u00dfe ersichtlich. Der Anbieter hat keinerlei Einfluss auf die aktuelle und zuk\u00fcnftige Gestaltung und auf die Inhalte der verkn\u00fcpften Seiten. Das Setzen von externen Links bedeutet nicht, dass sich der Anbieter die hinter dem Verweis oder Link liegenden Inhalte zu Eigen macht. Eine st\u00e4ndige Kontrolle der externen Links ist f\u00fcr den Anbieter ohne konkrete Hinweise auf Rechtsverst\u00f6\u00dfe nicht zumutbar. Bei Kenntnis von Rechtsverst\u00f6\u00dfen werden jedoch derartige externe Links unverz\u00fcglich gel\u00f6scht.<\/p><p>\u00a7 3 Urheber- und Leistungsschutzrechte<br \/>Die auf dieser Website ver\u00f6ffentlichten Inhalte unterliegen dem deutschen Urheber- und Leistungsschutzrecht. Jede vom deutschen Urheber- und Leistungsschutzrecht nicht zugelassene Verwertung bedarf der vorherigen schriftlichen Zustimmung des Anbieters oder jeweiligen Rechteinhabers. Dies gilt insbesondere f\u00fcr Vervielf\u00e4ltigung, Bearbeitung, \u00dcbersetzung, Einspeicherung, Verarbeitung bzw. Wiedergabe von Inhalten in Datenbanken oder anderen elektronischen Medien und Systemen. Inhalte und Rechte Dritter sind dabei als solche gekennzeichnet. Die unerlaubte Vervielf\u00e4ltigung oder Weitergabe einzelner Inhalte oder kompletter Seiten ist nicht gestattet und strafbar. Lediglich die Herstellung von Kopien und Downloads f\u00fcr den pers\u00f6nlichen, privaten und nicht kommerziellen Gebrauch ist erlaubt.<\/p><p>Die Darstellung dieser Website in fremden Frames ist nur mit schriftlicher Erlaubnis zul\u00e4ssig.<\/p><p>\u00a7 4 Besondere Nutzungsbedingungen<br \/>Soweit besondere Bedingungen f\u00fcr einzelne Nutzungen dieser Website von den vorgenannten Paragraphen abweichen, wird an entsprechender Stelle ausdr\u00fccklich darauf hingewiesen. In diesem Falle gelten im jeweiligen Einzelfall die besonderen Nutzungsbedingungen.<\/p>\t\t\t\t\t\t\t\t<\/div>\n\t\t\t\t<\/div>\n\t\t\t\t<\/div>\n\t\t\t\t<\/div>\n\t\t\t\t\t<\/div>\n\t\t\t\t<\/div>\n\t\t\t\t\t<\/div>\n\t\t\t\t<\/div>\n\t\t\t\t<\/div>\n\t\t","protected":false},"excerpt":{"rendered":"<p>Impressum Eastbull Staffordshire Bull Terrier Eastbull | Staffordshire Bull Terrier Michael ArnoldSiedlung 1304758 Oschatz &#8211; Germany Telefon:+49 170 4187057E-Mail: info@eastbull.de Redaktionell verantwortlich Michael ArnoldSiedlung 1304758 Oschatz &#8211; Germany Disclaimer \u2013 rechtliche Hinweise \u00a7 1 Haftungsbeschr\u00e4nkungDie Inhalte dieser Website werden mit gr\u00f6\u00dftm\u00f6glicher Sorgfalt erstellt. Der Anbieter \u00fcbernimmt jedoch keine Gew\u00e4hr f\u00fcr die Richtigkeit, Vollst\u00e4ndigkeit und Aktualit\u00e4t [&hellip;]<\/p>\n","protected":false},"author":1,"featured_media":0,"parent":0,"menu_order":0,"comment_status":"closed","ping_status":"closed","template":"","meta":{"site-sidebar-layout":"default","site-content-layout":"page-builder","ast-site-content-layout":"default","site-content-style":"default","site-sidebar-style":"default","ast-global-header-display":"","ast-banner-title-visibility":"","ast-main-header-display":"","ast-hfb-above-header-display":"","ast-hfb-below-header-display":"","ast-hfb-mobile-header-display":"","site-post-title":"disabled","ast-breadcrumbs-content":"","ast-featured-img":"disabled","footer-sml-layout":"","ast-disable-related-posts":"","theme-transparent-header-meta":"enabled","adv-header-id-meta":"","stick-header-meta":"","header-above-stick-meta":"","header-main-stick-meta":"","header-below-stick-meta":"","astra-migrate-meta-layouts":"default","ast-page-background-enabled":"default","ast-page-background-meta":{"desktop":{"background-color":"","background-image":"","background-repeat":"repeat","background-position":"center center","background-size":"auto","background-attachment":"scroll","background-type":"","background-media":"","overlay-type":"","overlay-color":"","overlay-opacity":"","overlay-gradient":""},"tablet":{"background-color":"","background-image":"","background-repeat":"repeat","background-position":"center center","background-size":"auto","background-attachment":"scroll","background-type":"","background-media":"","overlay-type":"","overlay-color":"","overlay-opacity":"","overlay-gradient":""},"mobile":{"background-color":"","background-image":"","background-repeat":"repeat","background-position":"center center","background-size":"auto","background-attachment":"scroll","background-type":"","background-media":"","overlay-type":"","overlay-color":"","overlay-opacity":"","overlay-gradient":""}},"ast-content-background-meta":{"desktop":{"background-color":"var(--ast-global-color-5)","background-image":"","background-repeat":"repeat","background-position":"center center","background-size":"auto","background-attachment":"scroll","background-type":"","background-media":"","overlay-type":"","overlay-color":"","overlay-opacity":"","overlay-gradient":""},"tablet":{"background-color":"var(--ast-global-color-5)","background-image":"","background-repeat":"repeat","background-position":"center center","background-size":"auto","background-attachment":"scroll","background-type":"","background-media":"","overlay-type":"","overlay-color":"","overlay-opacity":"","overlay-gradient":""},"mobile":{"background-color":"var(--ast-global-color-5)","background-image":"","background-repeat":"repeat","background-position":"center center","background-size":"auto","background-attachment":"scroll","background-type":"","background-media":"","overlay-type":"","overlay-color":"","overlay-opacity":"","overlay-gradient":""}},"footnotes":""},"class_list":["post-1588","page","type-page","status-publish","hentry"],"yoast_head":"<!-- This site is optimized with the Yoast SEO plugin v27.4 - https:\/\/yoast.com\/product\/yoast-seo-wordpress\/ -->\n<title>Impressum - Eastbull | Staffordshire Bull Terrier<\/title>\n<meta name=\"robots\" content=\"index, follow, max-snippet:-1, max-image-preview:large, max-video-preview:-1\" \/>\n<link rel=\"canonical\" href=\"https:\/\/www.eastbull.de\/en\/impressum\/\" \/>\n<meta property=\"og:locale\" content=\"en_GB\" \/>\n<meta property=\"og:type\" content=\"article\" \/>\n<meta property=\"og:title\" content=\"Impressum - Eastbull | Staffordshire Bull Terrier\" \/>\n<meta property=\"og:description\" content=\"Impressum Eastbull Staffordshire Bull Terrier Eastbull | Staffordshire Bull Terrier Michael ArnoldSiedlung 1304758 Oschatz &#8211; Germany Telefon:+49 170 4187057E-Mail: info@eastbull.de Redaktionell verantwortlich Michael ArnoldSiedlung 1304758 Oschatz &#8211; Germany Disclaimer \u2013 rechtliche Hinweise \u00a7 1 Haftungsbeschr\u00e4nkungDie Inhalte dieser Website werden mit gr\u00f6\u00dftm\u00f6glicher Sorgfalt erstellt. Der Anbieter \u00fcbernimmt jedoch keine Gew\u00e4hr f\u00fcr die Richtigkeit, Vollst\u00e4ndigkeit und Aktualit\u00e4t [&hellip;]\" \/>\n<meta property=\"og:url\" content=\"https:\/\/www.eastbull.de\/en\/impressum\/\" \/>\n<meta property=\"og:site_name\" content=\"Eastbull | Staffordshire Bull Terrier\" \/>\n<meta property=\"article:publisher\" content=\"https:\/\/www.facebook.com\/EastbullStaffordshireBullTerrier\/\" \/>\n<meta property=\"article:modified_time\" content=\"2025-03-20T12:09:13+00:00\" \/>\n<meta name=\"twitter:card\" content=\"summary_large_image\" \/>\n<meta name=\"twitter:label1\" content=\"Estimated reading time\" \/>\n\t<meta name=\"twitter:data1\" content=\"3 minutes\" \/>\n<script type=\"application\/ld+json\" class=\"yoast-schema-graph\">{\"@context\":\"https:\\\/\\\/schema.org\",\"@graph\":[{\"@type\":\"WebPage\",\"@id\":\"https:\\\/\\\/www.eastbull.de\\\/impressum\\\/\",\"url\":\"https:\\\/\\\/www.eastbull.de\\\/impressum\\\/\",\"name\":\"Impressum - Eastbull | Staffordshire Bull Terrier\",\"isPartOf\":{\"@id\":\"https:\\\/\\\/www.eastbull.de\\\/#website\"},\"datePublished\":\"2025-03-15T19:28:48+00:00\",\"dateModified\":\"2025-03-20T12:09:13+00:00\",\"breadcrumb\":{\"@id\":\"https:\\\/\\\/www.eastbull.de\\\/impressum\\\/#breadcrumb\"},\"inLanguage\":\"en-GB\",\"potentialAction\":[{\"@type\":\"ReadAction\",\"target\":[\"https:\\\/\\\/www.eastbull.de\\\/impressum\\\/\"]}]},{\"@type\":\"BreadcrumbList\",\"@id\":\"https:\\\/\\\/www.eastbull.de\\\/impressum\\\/#breadcrumb\",\"itemListElement\":[{\"@type\":\"ListItem\",\"position\":1,\"name\":\"Startseite\",\"item\":\"https:\\\/\\\/www.eastbull.de\\\/\"},{\"@type\":\"ListItem\",\"position\":2,\"name\":\"Impressum\"}]},{\"@type\":\"WebSite\",\"@id\":\"https:\\\/\\\/www.eastbull.de\\\/#website\",\"url\":\"https:\\\/\\\/www.eastbull.de\\\/\",\"name\":\"Eastbull | Staffordshire Bull Terrier\",\"description\":\"Staffordshire Bull Terrier Zucht in Sachsen \\\/ Deutschland\",\"publisher\":{\"@id\":\"https:\\\/\\\/www.eastbull.de\\\/#\\\/schema\\\/person\\\/c55dfec56ef9d9f0bc851b43678b39dd\"},\"potentialAction\":[{\"@type\":\"SearchAction\",\"target\":{\"@type\":\"EntryPoint\",\"urlTemplate\":\"https:\\\/\\\/www.eastbull.de\\\/?s={search_term_string}\"},\"query-input\":{\"@type\":\"PropertyValueSpecification\",\"valueRequired\":true,\"valueName\":\"search_term_string\"}}],\"inLanguage\":\"en-GB\"},{\"@type\":[\"Person\",\"Organization\"],\"@id\":\"https:\\\/\\\/www.eastbull.de\\\/#\\\/schema\\\/person\\\/c55dfec56ef9d9f0bc851b43678b39dd\",\"name\":\"Eastbull Admin\",\"image\":{\"@type\":\"ImageObject\",\"inLanguage\":\"en-GB\",\"@id\":\"https:\\\/\\\/www.eastbull.de\\\/wp-content\\\/uploads\\\/2025\\\/03\\\/Eastbull_Logo_25_gold.png\",\"url\":\"https:\\\/\\\/www.eastbull.de\\\/wp-content\\\/uploads\\\/2025\\\/03\\\/Eastbull_Logo_25_gold.png\",\"contentUrl\":\"https:\\\/\\\/www.eastbull.de\\\/wp-content\\\/uploads\\\/2025\\\/03\\\/Eastbull_Logo_25_gold.png\",\"width\":360,\"height\":71,\"caption\":\"Eastbull Admin\"},\"logo\":{\"@id\":\"https:\\\/\\\/www.eastbull.de\\\/wp-content\\\/uploads\\\/2025\\\/03\\\/Eastbull_Logo_25_gold.png\"},\"sameAs\":[\"https:\\\/\\\/eastbull.de\",\"https:\\\/\\\/www.facebook.com\\\/EastbullStaffordshireBullTerrier\\\/\",\"https:\\\/\\\/www.instagram.com\\\/eastbull_staffords\\\/\"]}]}<\/script>\n<!-- \/ Yoast SEO plugin. -->","yoast_head_json":{"title":"Impressum - Eastbull | Staffordshire Bull Terrier","robots":{"index":"index","follow":"follow","max-snippet":"max-snippet:-1","max-image-preview":"max-image-preview:large","max-video-preview":"max-video-preview:-1"},"canonical":"https:\/\/www.eastbull.de\/en\/impressum\/","og_locale":"en_GB","og_type":"article","og_title":"Impressum - Eastbull | Staffordshire Bull Terrier","og_description":"Impressum Eastbull Staffordshire Bull Terrier Eastbull | Staffordshire Bull Terrier Michael ArnoldSiedlung 1304758 Oschatz &#8211; Germany Telefon:+49 170 4187057E-Mail: info@eastbull.de Redaktionell verantwortlich Michael ArnoldSiedlung 1304758 Oschatz &#8211; Germany Disclaimer \u2013 rechtliche Hinweise \u00a7 1 Haftungsbeschr\u00e4nkungDie Inhalte dieser Website werden mit gr\u00f6\u00dftm\u00f6glicher Sorgfalt erstellt. Der Anbieter \u00fcbernimmt jedoch keine Gew\u00e4hr f\u00fcr die Richtigkeit, Vollst\u00e4ndigkeit und Aktualit\u00e4t [&hellip;]","og_url":"https:\/\/www.eastbull.de\/en\/impressum\/","og_site_name":"Eastbull | Staffordshire Bull Terrier","article_publisher":"https:\/\/www.facebook.com\/EastbullStaffordshireBullTerrier\/","article_modified_time":"2025-03-20T12:09:13+00:00","twitter_card":"summary_large_image","twitter_misc":{"Estimated reading time":"3 minutes"},"schema":{"@context":"https:\/\/schema.org","@graph":[{"@type":"WebPage","@id":"https:\/\/www.eastbull.de\/impressum\/","url":"https:\/\/www.eastbull.de\/impressum\/","name":"Impressum - Eastbull | Staffordshire Bull Terrier","isPartOf":{"@id":"https:\/\/www.eastbull.de\/#website"},"datePublished":"2025-03-15T19:28:48+00:00","dateModified":"2025-03-20T12:09:13+00:00","breadcrumb":{"@id":"https:\/\/www.eastbull.de\/impressum\/#breadcrumb"},"inLanguage":"en-GB","potentialAction":[{"@type":"ReadAction","target":["https:\/\/www.eastbull.de\/impressum\/"]}]},{"@type":"BreadcrumbList","@id":"https:\/\/www.eastbull.de\/impressum\/#breadcrumb","itemListElement":[{"@type":"ListItem","position":1,"name":"Startseite","item":"https:\/\/www.eastbull.de\/"},{"@type":"ListItem","position":2,"name":"Impressum"}]},{"@type":"WebSite","@id":"https:\/\/www.eastbull.de\/#website","url":"https:\/\/www.eastbull.de\/","name":"Eastbull | Staffordshire Bull Terrier","description":"Staffordshire Bull Terrier Zucht in Sachsen \/ Deutschland","publisher":{"@id":"https:\/\/www.eastbull.de\/#\/schema\/person\/c55dfec56ef9d9f0bc851b43678b39dd"},"potentialAction":[{"@type":"SearchAction","target":{"@type":"EntryPoint","urlTemplate":"https:\/\/www.eastbull.de\/?s={search_term_string}"},"query-input":{"@type":"PropertyValueSpecification","valueRequired":true,"valueName":"search_term_string"}}],"inLanguage":"en-GB"},{"@type":["Person","Organization"],"@id":"https:\/\/www.eastbull.de\/#\/schema\/person\/c55dfec56ef9d9f0bc851b43678b39dd","name":"Eastbull Admin","image":{"@type":"ImageObject","inLanguage":"en-GB","@id":"https:\/\/www.eastbull.de\/wp-content\/uploads\/2025\/03\/Eastbull_Logo_25_gold.png","url":"https:\/\/www.eastbull.de\/wp-content\/uploads\/2025\/03\/Eastbull_Logo_25_gold.png","contentUrl":"https:\/\/www.eastbull.de\/wp-content\/uploads\/2025\/03\/Eastbull_Logo_25_gold.png","width":360,"height":71,"caption":"Eastbull Admin"},"logo":{"@id":"https:\/\/www.eastbull.de\/wp-content\/uploads\/2025\/03\/Eastbull_Logo_25_gold.png"},"sameAs":["https:\/\/eastbull.de","https:\/\/www.facebook.com\/EastbullStaffordshireBullTerrier\/","https:\/\/www.instagram.com\/eastbull_staffords\/"]}]}},"_links":{"self":[{"href":"https:\/\/www.eastbull.de\/en\/wp-json\/wp\/v2\/pages\/1588","targetHints":{"allow":["GET"]}}],"collection":[{"href":"https:\/\/www.eastbull.de\/en\/wp-json\/wp\/v2\/pages"}],"about":[{"href":"https:\/\/www.eastbull.de\/en\/wp-json\/wp\/v2\/types\/page"}],"author":[{"embeddable":true,"href":"https:\/\/www.eastbull.de\/en\/wp-json\/wp\/v2\/users\/1"}],"replies":[{"embeddable":true,"href":"https:\/\/www.eastbull.de\/en\/wp-json\/wp\/v2\/comments?post=1588"}],"version-history":[{"count":10,"href":"https:\/\/www.eastbull.de\/en\/wp-json\/wp\/v2\/pages\/1588\/revisions"}],"predecessor-version":[{"id":2073,"href":"https:\/\/www.eastbull.de\/en\/wp-json\/wp\/v2\/pages\/1588\/revisions\/2073"}],"wp:attachment":[{"href":"https:\/\/www.eastbull.de\/en\/wp-json\/wp\/v2\/media?parent=1588"}],"curies":[{"name":"wp","href":"https:\/\/api.w.org\/{rel}","templated":true}]}}