{"id":1508,"date":"2025-03-10T21:37:46","date_gmt":"2025-03-10T20:37:46","guid":{"rendered":"https:\/\/www.eastbull.de\/?page_id=1508"},"modified":"2026-01-04T17:26:00","modified_gmt":"2026-01-04T16:26:00","slug":"ueber_uns","status":"publish","type":"page","link":"https:\/\/www.eastbull.de\/en\/ueber_uns\/","title":{"rendered":"about us"},"content":{"rendered":"\t\t<div data-elementor-type=\"wp-page\" data-elementor-id=\"1508\" class=\"elementor elementor-1508\" data-elementor-post-type=\"page\">\n\t\t\t\t<div class=\"elementor-element elementor-element-4ce5c107 e-flex e-con-boxed e-con e-parent\" data-id=\"4ce5c107\" data-element_type=\"container\" data-e-type=\"container\" data-settings=\"{&quot;background_background&quot;:&quot;classic&quot;,&quot;background_motion_fx_motion_fx_scrolling&quot;:&quot;yes&quot;,&quot;background_motion_fx_devices&quot;:[&quot;desktop&quot;,&quot;tablet&quot;,&quot;mobile&quot;]}\">\n\t\t\t\t\t<div class=\"e-con-inner\">\n\t\t<div class=\"elementor-element elementor-element-8da9e84 e-con-full e-flex e-con e-child\" data-id=\"8da9e84\" data-element_type=\"container\" data-e-type=\"container\">\n\t\t\t\t<div class=\"elementor-element elementor-element-3002d898 elementor-widget elementor-widget-heading\" data-id=\"3002d898\" data-element_type=\"widget\" data-e-type=\"widget\" data-widget_type=\"heading.default\">\n\t\t\t\t<div class=\"elementor-widget-container\">\n\t\t\t\t\t<h2 class=\"elementor-heading-title elementor-size-default\">\u00fcber uns<\/h2>\t\t\t\t<\/div>\n\t\t\t\t<\/div>\n\t\t\t\t<div class=\"elementor-element elementor-element-3b47f4df elementor-widget elementor-widget-heading\" data-id=\"3b47f4df\" data-element_type=\"widget\" data-e-type=\"widget\" data-widget_type=\"heading.default\">\n\t\t\t\t<div class=\"elementor-widget-container\">\n\t\t\t\t\t<h6 class=\"elementor-heading-title elementor-size-default\">Eastbull Staffordshire Bull Terrier<\/h6>\t\t\t\t<\/div>\n\t\t\t\t<\/div>\n\t\t\t\t<\/div>\n\t\t<div class=\"elementor-element elementor-element-2281c60d e-con-full e-flex e-con e-child\" data-id=\"2281c60d\" data-element_type=\"container\" data-e-type=\"container\">\n\t\t\t\t<\/div>\n\t\t\t\t\t<\/div>\n\t\t\t\t<\/div>\n\t\t<div class=\"elementor-element elementor-element-188327b e-flex e-con-boxed e-con e-parent\" data-id=\"188327b\" data-element_type=\"container\" data-e-type=\"container\" data-settings=\"{&quot;background_background&quot;:&quot;classic&quot;}\">\n\t\t\t\t\t<div class=\"e-con-inner\">\n\t\t<div class=\"elementor-element elementor-element-b890e36 e-flex e-con-boxed e-con e-child\" data-id=\"b890e36\" data-element_type=\"container\" data-e-type=\"container\" data-settings=\"{&quot;background_background&quot;:&quot;classic&quot;}\">\n\t\t\t\t\t<div class=\"e-con-inner\">\n\t\t<div class=\"elementor-element elementor-element-e788545 e-con-full e-flex e-con e-child\" data-id=\"e788545\" data-element_type=\"container\" data-e-type=\"container\">\n\t\t\t\t<div class=\"elementor-element elementor-element-a5ad493 elementor-widget elementor-widget-text-editor\" data-id=\"a5ad493\" data-element_type=\"widget\" data-e-type=\"widget\" data-widget_type=\"text-editor.default\">\n\t\t\t\t<div class=\"elementor-widget-container\">\n\t\t\t\t\t\t\t\t\t<p>Die Liebe zu der einzigartigen Hunderasse des Staffordshire Bull Terriers fing vor \u00fcber 15 Jahren an.<br \/>Ein guter Freund besa\u00df einen StaffBull, den er sich aus Ungarn geholt hatte. Ich war sofort begeistert von der muskul\u00f6sen Erscheinung dieses kleinen Athleten. Als ich ihn n\u00e4her kennen lernen konnte gab es kein zur\u00fcck mehr, ich wollte auch unbedingt so einen tollen Begleiter haben. Ein paar Jahre, ungef\u00e4hr 1000 B\u00fccher, Zeitschriften und sogar DVDs sp\u00e4ter (die Suche nach einem geeignetem Staffbull sollte sich als sehr schwierig erweisen) wurde ich f\u00fcndig. Rocky (Noisemaker Daffodil Yellow) zog ein. Ab sofort sollte sich unser Leben komplett \u00e4ndern&#8230;<\/p><p>Eigentlich nur f\u00fcr die Couch gedacht, entwickelte sich Rocky zu einem pr\u00e4chtigem R\u00fcden. Jeden Tag konnte er uns mit seiner bezaubernden Art zum Lachen bringen. Bekannte empfohlen uns ihn auf einer sogenannten Sch\u00f6nheitsausstellung zu zeigen. Rocky`s Karriere im Show-Ring war sehr erfolgreich, er wurde mehrere male Bester seiner Rasse und als besonderen Erfolg gewann er die Terriergruppe auf einer Internationalen Ausstellung.<\/p><p>Das Interesse an der Zucht und Weiterentwicklung dieser Rasse wurde immer gr\u00f6\u00dfer. Ahnentafeln wurden studiert, B\u00fccher \u00fcber Genetik gelesen. So entschloss ich mich 2007 den Grundstein meiner Zucht zu legen. Silkstaffs Black Pearl &#8222;Honey&#8220; zog ein. Honey war ebenfalls sehr erfolgreich auf Ausstellungen im In- und Ausland. So konnte sie sich beispielsweise auch erfolgreich England pr\u00e4sentieren.<\/p><p>Im Jahr 2008 wurde Eastbull national und international vom FCI\/VDH gesch\u00fctzt.<\/p><p>Nach gr\u00fcndlicher Planung war es soweit, im Jahr 2010 erblickte unser A-Wurf das Licht der Welt.<\/p><p>Unsere Hunde sind voll integrierte Familienmitglieder und leben mit uns und unseren Kindern zusammen im Eigenheim und jederzeit Freilauf in einem riesigen Garten. Zwinger oder Boxen gibt es bei uns nicht. Es kann sich jederzeit frei bewegt werden.<\/p><p>Wir z\u00fcchten aus Liebhaberei. Die F\u00f6rderung der rassetypischen Merkmale steht im Vordergrund. Bei Eastbull wird es nur Welpen geben wenn eine gut durchdachte Verpaarung erfolgen kann. Zucht aus finanzieller Sicht lehnen wir strikt ab.<\/p><p>Wenn wir dein Interesse an uns, unseren Hunden oder unserer Zucht geweckt haben,<br \/>kannst du dir gern nach vorheriger Absprache einen pers\u00f6nlichen Eindruck \u00fcber uns verschaffen. Nutze zum Beispiel das <a href=\"http:\/\/www.eastbull.de\/kontakt\/\">Kontaktformular<\/a><\/p><p>Michael Arnold<\/p>\t\t\t\t\t\t\t\t<\/div>\n\t\t\t\t<\/div>\n\t\t\t\t<\/div>\n\t\t\t\t\t<\/div>\n\t\t\t\t<\/div>\n\t\t\t\t\t<\/div>\n\t\t\t\t<\/div>\n\t\t\t\t<\/div>\n\t\t","protected":false},"excerpt":{"rendered":"<p>\u00fcber uns Eastbull Staffordshire Bull Terrier Die Liebe zu der einzigartigen Hunderasse des Staffordshire Bull Terriers fing vor \u00fcber 15 Jahren an.Ein guter Freund besa\u00df einen StaffBull, den er sich aus Ungarn geholt hatte. Ich war sofort begeistert von der muskul\u00f6sen Erscheinung dieses kleinen Athleten. Als ich ihn n\u00e4her kennen lernen konnte gab es kein [&hellip;]<\/p>\n","protected":false},"author":1,"featured_media":0,"parent":0,"menu_order":0,"comment_status":"closed","ping_status":"closed","template":"","meta":{"site-sidebar-layout":"default","site-content-layout":"page-builder","ast-site-content-layout":"default","site-content-style":"default","site-sidebar-style":"default","ast-global-header-display":"","ast-banner-title-visibility":"","ast-main-header-display":"","ast-hfb-above-header-display":"","ast-hfb-below-header-display":"","ast-hfb-mobile-header-display":"","site-post-title":"disabled","ast-breadcrumbs-content":"","ast-featured-img":"disabled","footer-sml-layout":"","ast-disable-related-posts":"","theme-transparent-header-meta":"enabled","adv-header-id-meta":"","stick-header-meta":"","header-above-stick-meta":"","header-main-stick-meta":"","header-below-stick-meta":"","astra-migrate-meta-layouts":"default","ast-page-background-enabled":"default","ast-page-background-meta":{"desktop":{"background-color":"","background-image":"","background-repeat":"repeat","background-position":"center center","background-size":"auto","background-attachment":"scroll","background-type":"","background-media":"","overlay-type":"","overlay-color":"","overlay-opacity":"","overlay-gradient":""},"tablet":{"background-color":"","background-image":"","background-repeat":"repeat","background-position":"center center","background-size":"auto","background-attachment":"scroll","background-type":"","background-media":"","overlay-type":"","overlay-color":"","overlay-opacity":"","overlay-gradient":""},"mobile":{"background-color":"","background-image":"","background-repeat":"repeat","background-position":"center center","background-size":"auto","background-attachment":"scroll","background-type":"","background-media":"","overlay-type":"","overlay-color":"","overlay-opacity":"","overlay-gradient":""}},"ast-content-background-meta":{"desktop":{"background-color":"var(--ast-global-color-5)","background-image":"","background-repeat":"repeat","background-position":"center center","background-size":"auto","background-attachment":"scroll","background-type":"","background-media":"","overlay-type":"","overlay-color":"","overlay-opacity":"","overlay-gradient":""},"tablet":{"background-color":"var(--ast-global-color-5)","background-image":"","background-repeat":"repeat","background-position":"center center","background-size":"auto","background-attachment":"scroll","background-type":"","background-media":"","overlay-type":"","overlay-color":"","overlay-opacity":"","overlay-gradient":""},"mobile":{"background-color":"var(--ast-global-color-5)","background-image":"","background-repeat":"repeat","background-position":"center center","background-size":"auto","background-attachment":"scroll","background-type":"","background-media":"","overlay-type":"","overlay-color":"","overlay-opacity":"","overlay-gradient":""}},"footnotes":""},"class_list":["post-1508","page","type-page","status-publish","hentry"],"yoast_head":"<!-- This site is optimized with the Yoast SEO plugin v27.5 - https:\/\/yoast.com\/product\/yoast-seo-wordpress\/ -->\n<title>\u00fcber uns - Eastbull | Staffordshire Bull Terrier<\/title>\n<meta name=\"robots\" content=\"index, follow, max-snippet:-1, max-image-preview:large, max-video-preview:-1\" \/>\n<link rel=\"canonical\" href=\"https:\/\/www.eastbull.de\/en\/ueber_uns\/\" \/>\n<meta property=\"og:locale\" content=\"en_GB\" \/>\n<meta property=\"og:type\" content=\"article\" \/>\n<meta property=\"og:title\" content=\"\u00fcber uns - Eastbull | Staffordshire Bull Terrier\" \/>\n<meta property=\"og:description\" content=\"\u00fcber uns Eastbull Staffordshire Bull Terrier Die Liebe zu der einzigartigen Hunderasse des Staffordshire Bull Terriers fing vor \u00fcber 15 Jahren an.Ein guter Freund besa\u00df einen StaffBull, den er sich aus Ungarn geholt hatte. Ich war sofort begeistert von der muskul\u00f6sen Erscheinung dieses kleinen Athleten. Als ich ihn n\u00e4her kennen lernen konnte gab es kein [&hellip;]\" \/>\n<meta property=\"og:url\" content=\"https:\/\/www.eastbull.de\/en\/ueber_uns\/\" \/>\n<meta property=\"og:site_name\" content=\"Eastbull | Staffordshire Bull Terrier\" \/>\n<meta property=\"article:publisher\" content=\"https:\/\/www.facebook.com\/EastbullStaffordshireBullTerrier\/\" \/>\n<meta property=\"article:modified_time\" content=\"2026-01-04T16:26:00+00:00\" \/>\n<meta name=\"twitter:card\" content=\"summary_large_image\" \/>\n<meta name=\"twitter:label1\" content=\"Estimated reading time\" \/>\n\t<meta name=\"twitter:data1\" content=\"2 minutes\" \/>\n<script type=\"application\/ld+json\" class=\"yoast-schema-graph\">{\"@context\":\"https:\\\/\\\/schema.org\",\"@graph\":[{\"@type\":\"WebPage\",\"@id\":\"https:\\\/\\\/www.eastbull.de\\\/ueber_uns\\\/\",\"url\":\"https:\\\/\\\/www.eastbull.de\\\/ueber_uns\\\/\",\"name\":\"\u00fcber uns - Eastbull | Staffordshire Bull Terrier\",\"isPartOf\":{\"@id\":\"https:\\\/\\\/www.eastbull.de\\\/#website\"},\"datePublished\":\"2025-03-10T20:37:46+00:00\",\"dateModified\":\"2026-01-04T16:26:00+00:00\",\"breadcrumb\":{\"@id\":\"https:\\\/\\\/www.eastbull.de\\\/ueber_uns\\\/#breadcrumb\"},\"inLanguage\":\"en-GB\",\"potentialAction\":[{\"@type\":\"ReadAction\",\"target\":[\"https:\\\/\\\/www.eastbull.de\\\/ueber_uns\\\/\"]}]},{\"@type\":\"BreadcrumbList\",\"@id\":\"https:\\\/\\\/www.eastbull.de\\\/ueber_uns\\\/#breadcrumb\",\"itemListElement\":[{\"@type\":\"ListItem\",\"position\":1,\"name\":\"Startseite\",\"item\":\"https:\\\/\\\/www.eastbull.de\\\/\"},{\"@type\":\"ListItem\",\"position\":2,\"name\":\"\u00fcber uns\"}]},{\"@type\":\"WebSite\",\"@id\":\"https:\\\/\\\/www.eastbull.de\\\/#website\",\"url\":\"https:\\\/\\\/www.eastbull.de\\\/\",\"name\":\"Eastbull | Staffordshire Bull Terrier\",\"description\":\"Staffordshire Bull Terrier Zucht in Sachsen \\\/ Deutschland\",\"publisher\":{\"@id\":\"https:\\\/\\\/www.eastbull.de\\\/#\\\/schema\\\/person\\\/c55dfec56ef9d9f0bc851b43678b39dd\"},\"potentialAction\":[{\"@type\":\"SearchAction\",\"target\":{\"@type\":\"EntryPoint\",\"urlTemplate\":\"https:\\\/\\\/www.eastbull.de\\\/?s={search_term_string}\"},\"query-input\":{\"@type\":\"PropertyValueSpecification\",\"valueRequired\":true,\"valueName\":\"search_term_string\"}}],\"inLanguage\":\"en-GB\"},{\"@type\":[\"Person\",\"Organization\"],\"@id\":\"https:\\\/\\\/www.eastbull.de\\\/#\\\/schema\\\/person\\\/c55dfec56ef9d9f0bc851b43678b39dd\",\"name\":\"Eastbull Admin\",\"image\":{\"@type\":\"ImageObject\",\"inLanguage\":\"en-GB\",\"@id\":\"https:\\\/\\\/www.eastbull.de\\\/wp-content\\\/uploads\\\/2025\\\/03\\\/Eastbull_Logo_25_gold.png\",\"url\":\"https:\\\/\\\/www.eastbull.de\\\/wp-content\\\/uploads\\\/2025\\\/03\\\/Eastbull_Logo_25_gold.png\",\"contentUrl\":\"https:\\\/\\\/www.eastbull.de\\\/wp-content\\\/uploads\\\/2025\\\/03\\\/Eastbull_Logo_25_gold.png\",\"width\":360,\"height\":71,\"caption\":\"Eastbull Admin\"},\"logo\":{\"@id\":\"https:\\\/\\\/www.eastbull.de\\\/wp-content\\\/uploads\\\/2025\\\/03\\\/Eastbull_Logo_25_gold.png\"},\"sameAs\":[\"https:\\\/\\\/eastbull.de\",\"https:\\\/\\\/www.facebook.com\\\/EastbullStaffordshireBullTerrier\\\/\",\"https:\\\/\\\/www.instagram.com\\\/eastbull_staffords\\\/\"]}]}<\/script>\n<!-- \/ Yoast SEO plugin. -->","yoast_head_json":{"title":"\u00fcber uns - Eastbull | Staffordshire Bull Terrier","robots":{"index":"index","follow":"follow","max-snippet":"max-snippet:-1","max-image-preview":"max-image-preview:large","max-video-preview":"max-video-preview:-1"},"canonical":"https:\/\/www.eastbull.de\/en\/ueber_uns\/","og_locale":"en_GB","og_type":"article","og_title":"\u00fcber uns - Eastbull | Staffordshire Bull Terrier","og_description":"\u00fcber uns Eastbull Staffordshire Bull Terrier Die Liebe zu der einzigartigen Hunderasse des Staffordshire Bull Terriers fing vor \u00fcber 15 Jahren an.Ein guter Freund besa\u00df einen StaffBull, den er sich aus Ungarn geholt hatte. Ich war sofort begeistert von der muskul\u00f6sen Erscheinung dieses kleinen Athleten. Als ich ihn n\u00e4her kennen lernen konnte gab es kein [&hellip;]","og_url":"https:\/\/www.eastbull.de\/en\/ueber_uns\/","og_site_name":"Eastbull | Staffordshire Bull Terrier","article_publisher":"https:\/\/www.facebook.com\/EastbullStaffordshireBullTerrier\/","article_modified_time":"2026-01-04T16:26:00+00:00","twitter_card":"summary_large_image","twitter_misc":{"Estimated reading time":"2 minutes"},"schema":{"@context":"https:\/\/schema.org","@graph":[{"@type":"WebPage","@id":"https:\/\/www.eastbull.de\/ueber_uns\/","url":"https:\/\/www.eastbull.de\/ueber_uns\/","name":"\u00fcber uns - Eastbull | Staffordshire Bull Terrier","isPartOf":{"@id":"https:\/\/www.eastbull.de\/#website"},"datePublished":"2025-03-10T20:37:46+00:00","dateModified":"2026-01-04T16:26:00+00:00","breadcrumb":{"@id":"https:\/\/www.eastbull.de\/ueber_uns\/#breadcrumb"},"inLanguage":"en-GB","potentialAction":[{"@type":"ReadAction","target":["https:\/\/www.eastbull.de\/ueber_uns\/"]}]},{"@type":"BreadcrumbList","@id":"https:\/\/www.eastbull.de\/ueber_uns\/#breadcrumb","itemListElement":[{"@type":"ListItem","position":1,"name":"Startseite","item":"https:\/\/www.eastbull.de\/"},{"@type":"ListItem","position":2,"name":"\u00fcber uns"}]},{"@type":"WebSite","@id":"https:\/\/www.eastbull.de\/#website","url":"https:\/\/www.eastbull.de\/","name":"Eastbull | Staffordshire Bull Terrier","description":"Staffordshire Bull Terrier Zucht in Sachsen \/ Deutschland","publisher":{"@id":"https:\/\/www.eastbull.de\/#\/schema\/person\/c55dfec56ef9d9f0bc851b43678b39dd"},"potentialAction":[{"@type":"SearchAction","target":{"@type":"EntryPoint","urlTemplate":"https:\/\/www.eastbull.de\/?s={search_term_string}"},"query-input":{"@type":"PropertyValueSpecification","valueRequired":true,"valueName":"search_term_string"}}],"inLanguage":"en-GB"},{"@type":["Person","Organization"],"@id":"https:\/\/www.eastbull.de\/#\/schema\/person\/c55dfec56ef9d9f0bc851b43678b39dd","name":"Eastbull Admin","image":{"@type":"ImageObject","inLanguage":"en-GB","@id":"https:\/\/www.eastbull.de\/wp-content\/uploads\/2025\/03\/Eastbull_Logo_25_gold.png","url":"https:\/\/www.eastbull.de\/wp-content\/uploads\/2025\/03\/Eastbull_Logo_25_gold.png","contentUrl":"https:\/\/www.eastbull.de\/wp-content\/uploads\/2025\/03\/Eastbull_Logo_25_gold.png","width":360,"height":71,"caption":"Eastbull Admin"},"logo":{"@id":"https:\/\/www.eastbull.de\/wp-content\/uploads\/2025\/03\/Eastbull_Logo_25_gold.png"},"sameAs":["https:\/\/eastbull.de","https:\/\/www.facebook.com\/EastbullStaffordshireBullTerrier\/","https:\/\/www.instagram.com\/eastbull_staffords\/"]}]}},"_links":{"self":[{"href":"https:\/\/www.eastbull.de\/en\/wp-json\/wp\/v2\/pages\/1508","targetHints":{"allow":["GET"]}}],"collection":[{"href":"https:\/\/www.eastbull.de\/en\/wp-json\/wp\/v2\/pages"}],"about":[{"href":"https:\/\/www.eastbull.de\/en\/wp-json\/wp\/v2\/types\/page"}],"author":[{"embeddable":true,"href":"https:\/\/www.eastbull.de\/en\/wp-json\/wp\/v2\/users\/1"}],"replies":[{"embeddable":true,"href":"https:\/\/www.eastbull.de\/en\/wp-json\/wp\/v2\/comments?post=1508"}],"version-history":[{"count":10,"href":"https:\/\/www.eastbull.de\/en\/wp-json\/wp\/v2\/pages\/1508\/revisions"}],"predecessor-version":[{"id":2226,"href":"https:\/\/www.eastbull.de\/en\/wp-json\/wp\/v2\/pages\/1508\/revisions\/2226"}],"wp:attachment":[{"href":"https:\/\/www.eastbull.de\/en\/wp-json\/wp\/v2\/media?parent=1508"}],"curies":[{"name":"wp","href":"https:\/\/api.w.org\/{rel}","templated":true}]}}